{"id":157,"date":"2023-09-18T08:13:59","date_gmt":"2023-09-18T08:13:59","guid":{"rendered":"https:\/\/demo2wpopal.b-cdn.net\/wildy\/?page_id=157"},"modified":"2026-01-05T12:24:32","modified_gmt":"2026-01-05T12:24:32","slug":"kapcsolat","status":"publish","type":"page","link":"https:\/\/quattrohunting.hu\/en\/kapcsolat\/","title":{"rendered":"Contact"},"content":{"rendered":"<div data-elementor-type=\"wp-page\" data-elementor-id=\"157\" class=\"elementor elementor-157\" data-elementor-post-type=\"page\">\n\t\t\t\t<div class=\"elementor-element elementor-element-b9ae945 e-flex e-con-boxed e-con e-parent\" data-id=\"b9ae945\" data-element_type=\"container\" data-e-type=\"container\">\n\t\t\t\t\t<div class=\"e-con-inner\">\n\t\t\t\t<div class=\"elementor-element elementor-element-c79cbf6 elementor-widget elementor-widget-text-editor\" data-id=\"c79cbf6\" data-element_type=\"widget\" data-e-type=\"widget\" data-widget_type=\"text-editor.default\">\n\t\t\t\t\t\t\t\t\t<p><strong>Get in Touch<\/strong><\/p>\t\t\t\t\t\t\t\t<\/div>\n\t\t\t\t<div class=\"elementor-element elementor-element-e68c8f3 elementor-widget elementor-widget-heading\" data-id=\"e68c8f3\" data-element_type=\"widget\" data-e-type=\"widget\" data-widget_type=\"heading.default\">\n\t\t\t\t\t<h2 class=\"elementor-heading-title elementor-size-default\">Tell us how we can help you<\/h2>\t\t\t\t<\/div>\n\t\t<div class=\"elementor-element elementor-element-672f95c e-flex e-con-boxed e-con e-child\" data-id=\"672f95c\" data-element_type=\"container\" data-e-type=\"container\">\n\t\t\t\t\t<div class=\"e-con-inner\">\n\t\t<div class=\"elementor-element elementor-element-fbb97fc e-con-full e-flex e-con e-child\" data-id=\"fbb97fc\" data-element_type=\"container\" data-e-type=\"container\">\n\t\t\t\t<div class=\"elementor-element elementor-element-3c6f698 elementor-widget elementor-widget-heading\" data-id=\"3c6f698\" data-element_type=\"widget\" data-e-type=\"widget\" data-widget_type=\"heading.default\">\n\t\t\t\t\t<h4 class=\"elementor-heading-title elementor-size-default\">Leave a message<\/h4>\t\t\t\t<\/div>\n\t\t\t\t<div class=\"elementor-element elementor-element-78957d6 elementor-widget elementor-widget-text-editor\" data-id=\"78957d6\" data-element_type=\"widget\" data-e-type=\"widget\" data-widget_type=\"text-editor.default\">\n\t\t\t\t\t\t\t\t\t<p><strong>Please provide your details, and we will get back to you as soon as possible.<\/strong><\/p>\t\t\t\t\t\t\t\t<\/div>\n\t\t\t\t<div class=\"elementor-element elementor-element-57c6753 elementor-widget elementor-widget-wildy-contactform\" data-id=\"57c6753\" data-element_type=\"widget\" data-e-type=\"widget\" data-widget_type=\"wildy-contactform.default\">\n\t\t\t\t<div class=\"elementor-widget-container\">\n\t\t\t\t\t\n<div class=\"wpcf7 no-js\" id=\"wpcf7-f7-o1\" lang=\"en-US\" dir=\"ltr\" data-wpcf7-id=\"7\">\n<div class=\"screen-reader-response\"><p role=\"status\" aria-live=\"polite\" aria-atomic=\"true\"><\/p> <ul><\/ul><\/div>\n<form action=\"\/en\/wp-json\/wp\/v2\/pages\/157#wpcf7-f7-o1\" method=\"post\" class=\"wpcf7-form init\" aria-label=\"Contact form\" novalidate=\"novalidate\" data-status=\"init\" data-trp-original-action=\"\/en\/wp-json\/wp\/v2\/pages\/157#wpcf7-f7-o1\">\n<fieldset class=\"hidden-fields-container\"><input type=\"hidden\" name=\"_wpcf7\" value=\"7\" \/><input type=\"hidden\" name=\"_wpcf7_version\" value=\"6.1.4\" \/><input type=\"hidden\" name=\"_wpcf7_locale\" value=\"en_US\" \/><input type=\"hidden\" name=\"_wpcf7_unit_tag\" value=\"wpcf7-f7-o1\" \/><input type=\"hidden\" name=\"_wpcf7_container_post\" value=\"0\" \/><input type=\"hidden\" name=\"_wpcf7_posted_data_hash\" value=\"\" \/>\n<\/fieldset>\n<div class=\"custom-contact-form\">\n\t<p><span class=\"wpcf7-form-control-wrap\" data-name=\"your-name\"><input size=\"40\" maxlength=\"400\" class=\"wpcf7-form-control wpcf7-text wpcf7-validates-as-required\" aria-required=\"true\" aria-invalid=\"false\" placeholder=\"Your Name\" value=\"\" type=\"text\" name=\"your-name\" \/><\/span><br \/>\n<span class=\"wpcf7-form-control-wrap\" data-name=\"your-email\"><input size=\"40\" maxlength=\"400\" class=\"wpcf7-form-control wpcf7-email wpcf7-validates-as-required wpcf7-text wpcf7-validates-as-email\" aria-required=\"true\" aria-invalid=\"false\" placeholder=\"Email address\" value=\"\" type=\"email\" name=\"your-email\" \/><\/span><br \/>\n<span class=\"wpcf7-form-control-wrap\" data-name=\"your-phone\"><input size=\"40\" maxlength=\"400\" class=\"wpcf7-form-control wpcf7-tel wpcf7-validates-as-required wpcf7-text wpcf7-validates-as-tel\" aria-required=\"true\" aria-invalid=\"false\" placeholder=\"Phone number\" value=\"\" type=\"tel\" name=\"your-phone\" \/><\/span><br \/>\n<span class=\"wpcf7-form-control-wrap\" data-name=\"your-message\"><textarea cols=\"40\" rows=\"10\" maxlength=\"2000\" class=\"wpcf7-form-control wpcf7-textarea\" aria-invalid=\"false\" placeholder=\"Message\" name=\"your-message\"><\/textarea><\/span><br \/>\n<input class=\"wpcf7-form-control wpcf7-submit has-spinner\" type=\"submit\" value=\"SUBMIT\" \/>\n\t<\/p>\n<\/div><div class=\"wpcf7-response-output\" aria-hidden=\"true\"><\/div>\n<input type=\"hidden\" name=\"trp-form-language\" value=\"en\"\/><\/form>\n<\/div>\n\t\t\t\t<\/div>\n\t\t\t\t<\/div>\n\t\t\t\t<\/div>\n\t\t<div class=\"elementor-element elementor-element-98c9849 e-con-full e-flex e-con e-child\" data-id=\"98c9849\" data-element_type=\"container\" data-e-type=\"container\">\n\t\t<div class=\"elementor-element elementor-element-9952ef0 e-flex e-con-boxed e-con e-child\" data-id=\"9952ef0\" data-element_type=\"container\" data-e-type=\"container\">\n\t\t\t\t\t<div class=\"e-con-inner\">\n\t\t\t\t<div class=\"elementor-element elementor-element-076af81 elementor-position-inline-start elementor-mobile_extra-position-block-start elementor-view-default elementor-mobile-position-block-start elementor-widget elementor-widget-icon-box\" data-id=\"076af81\" data-element_type=\"widget\" data-e-type=\"widget\" data-widget_type=\"icon-box.default\">\n\t\t\t\t\t\t\t<div class=\"elementor-icon-box-wrapper\">\n\n\t\t\t\t\t\t<div class=\"elementor-icon-box-icon\">\n\t\t\t\t<span  class=\"elementor-icon\">\n\t\t\t\t<svg xmlns=\"http:\/\/www.w3.org\/2000\/svg\" width=\"80\" height=\"80\" viewbox=\"0 0 80 80\" fill=\"none\"><path fill-rule=\"evenodd\" clip-rule=\"evenodd\" d=\"M39.1075 8.40677C38.6748 8.87115 38.2037 9.64604 37.7712 10.8044L37.7705 10.8064L31.9006 26.4482C31.3147 27.9759 30.1975 29.0851 28.7796 29.5205C27.3617 29.9558 25.8101 29.6662 24.4553 28.7283L24.4396 28.7172L11.4396 19.4172L11.4376 19.4158C10.3181 18.6116 9.42437 18.1709 8.7724 17.9928C8.10617 17.8109 7.89515 17.9491 7.87173 17.9666C7.8487 17.9839 7.65659 18.1479 7.64639 18.8408C7.63641 19.519 7.81243 20.5051 8.27758 21.8141C8.27772 21.8145 8.27786 21.8148 8.27799 21.8152L22.08 60.4209C22.2096 60.7912 22.5267 61.2035 22.9882 61.5297C23.45 61.856 23.9448 62.0172 24.3335 62.0172H55.6668C56.0563 62.0172 56.5552 61.8554 57.0286 61.5294C57.4955 61.2079 57.8218 60.8062 57.9644 60.4576L71.4217 22.7838C71.4219 22.7831 71.4222 22.7824 71.4224 22.7818C71.9289 21.3487 72.1241 20.2565 72.1118 19.4941C72.0993 18.7168 71.8833 18.4883 71.8129 18.435C71.7441 18.383 71.4695 18.2378 70.7239 18.4398C69.9914 18.6383 68.9985 19.1286 67.7625 20.0159L67.7593 20.0183L55.5593 28.7183L55.5525 28.7231C54.2103 29.6668 52.6632 29.9562 51.2485 29.52C49.8353 29.0843 48.7188 27.9753 48.1331 26.4482L48.1298 26.4397L42.2625 10.8044C41.83 9.64604 41.3589 8.87115 40.9262 8.40677C40.4978 7.94689 40.1858 7.86719 40.0168 7.86719C39.8479 7.86719 39.5359 7.94689 39.1075 8.40677ZM44.6044 9.92948C44.1035 8.58806 43.4872 7.48813 42.7554 6.7026C42.0192 5.91248 41.0895 5.36719 40.0168 5.36719C38.9441 5.36719 38.0144 5.91248 37.2783 6.7026C36.5466 7.48793 35.9305 8.58749 35.4297 9.92846C35.4295 9.92897 35.4293 9.92948 35.4291 9.92999L29.565 25.5567C29.2174 26.4599 28.6353 26.9496 28.0458 27.1306C27.4571 27.3113 26.6948 27.2353 25.8857 26.6779L12.8961 17.3853C12.8957 17.385 12.8953 17.3847 12.8948 17.3844C11.6481 16.489 10.4798 15.8676 9.43107 15.5811C8.39626 15.2985 7.2677 15.2937 6.37028 15.9677C5.47249 16.6421 5.1625 17.7281 5.14666 18.804C5.13061 19.8943 5.40448 21.1954 5.92236 22.6525L19.7203 61.2468C19.7209 61.2482 19.7214 61.2497 19.7219 61.2511C20.0595 62.2122 20.7582 63.015 21.5455 63.5714C22.3337 64.1284 23.3222 64.5172 24.3335 64.5172H55.6668C56.6774 64.5172 57.6618 64.1289 58.4467 63.5883C59.231 63.0481 59.9352 62.2739 60.2962 61.3595C60.3012 61.3467 60.3061 61.3339 60.3107 61.321L73.7773 23.621L73.7787 23.6172C74.3383 22.0347 74.6304 20.6275 74.6115 19.4538C74.5928 18.2947 74.2587 17.1503 73.3208 16.441C72.3813 15.7305 71.1892 15.7236 70.0701 16.0268C68.9386 16.3334 67.6696 17.0052 66.3062 17.9839C66.3057 17.9843 66.3051 17.9847 66.3045 17.9851L54.1145 26.678C54.1135 26.6787 54.1125 26.6794 54.1115 26.6801C53.3214 27.2345 52.5697 27.3112 51.9851 27.131C51.3992 26.9504 50.8166 26.4605 50.4688 25.5569C50.4683 25.5555 50.4678 25.5542 50.4673 25.5529L44.6044 9.92948C44.6044 9.92965 44.6043 9.92931 44.6044 9.92948Z\" fill=\"#DE8A26\"><\/path><path opacity=\"0.34\" fill-rule=\"evenodd\" clip-rule=\"evenodd\" d=\"M20.4165 73.334C20.4165 72.6436 20.9761 72.084 21.6665 72.084H58.3332C59.0235 72.084 59.5832 72.6436 59.5832 73.334C59.5832 74.0243 59.0235 74.584 58.3332 74.584H21.6665C20.9761 74.584 20.4165 74.0243 20.4165 73.334Z\" fill=\"#DE8A26\"><\/path><path opacity=\"0.34\" fill-rule=\"evenodd\" clip-rule=\"evenodd\" d=\"M30.4165 46.666C30.4165 45.9757 30.9761 45.416 31.6665 45.416H48.3332C49.0235 45.416 49.5832 45.9757 49.5832 46.666C49.5832 47.3564 49.0235 47.916 48.3332 47.916H31.6665C30.9761 47.916 30.4165 47.3564 30.4165 46.666Z\" fill=\"#DE8A26\"><\/path><\/svg>\t\t\t\t<\/span>\n\t\t\t<\/div>\n\t\t\t\n\t\t\t\t\t\t<div class=\"elementor-icon-box-content\">\n\n\t\t\t\t\t\t\t\t\t<h4 class=\"elementor-icon-box-title\">\n\t\t\t\t\t\t<span  >\n\t\t\t\t\t\t\tCustomer Support\t\t\t\t\t\t<\/span>\n\t\t\t\t\t<\/h4>\n\t\t\t\t\n\t\t\t\t\t\t\t\t\t<p class=\"elementor-icon-box-description\">\n\t\t\t\t\t\tAvailable Monday to Friday, from 8:00 AM to 3:00 PM.\t\t\t\t\t<\/p>\n\t\t\t\t\n\t\t\t<\/div>\n\t\t\t\n\t\t<\/div>\n\t\t\t\t\t\t<\/div>\n\t\t\t\t<div class=\"elementor-element elementor-element-be2b783 elementor-widget elementor-widget-text-editor\" data-id=\"be2b783\" data-element_type=\"widget\" data-e-type=\"widget\" data-widget_type=\"text-editor.default\">\n\t\t\t\t\t\t\t\t\t<div>info@quattrohunting.hu<\/div><div>+36303302066<\/div>\t\t\t\t\t\t\t\t<\/div>\n\t\t\t\t\t<\/div>\n\t\t\t\t<\/div>\n\t\t<div class=\"elementor-element elementor-element-2249f36 e-flex e-con-boxed e-con e-child\" data-id=\"2249f36\" data-element_type=\"container\" data-e-type=\"container\">\n\t\t\t\t\t<div class=\"e-con-inner\">\n\t\t\t\t<div class=\"elementor-element elementor-element-c3e3c39 elementor-position-inline-start elementor-mobile_extra-position-block-start elementor-view-default elementor-mobile-position-block-start elementor-widget elementor-widget-icon-box\" data-id=\"c3e3c39\" data-element_type=\"widget\" data-e-type=\"widget\" data-widget_type=\"icon-box.default\">\n\t\t\t\t\t\t\t<div class=\"elementor-icon-box-wrapper\">\n\n\t\t\t\t\t\t<div class=\"elementor-icon-box-icon\">\n\t\t\t\t<span  class=\"elementor-icon\">\n\t\t\t\t<svg xmlns=\"http:\/\/www.w3.org\/2000\/svg\" width=\"80\" height=\"80\" viewbox=\"0 0 80 80\" fill=\"none\"><path fill-rule=\"evenodd\" clip-rule=\"evenodd\" d=\"M72.7795 19.6993C73.2167 19.8254 73.5509 20.1791 73.652 20.6227C74.2773 23.3674 74.5832 26.4637 74.5832 30.0004V50.0004C74.5832 58.4583 72.899 64.6993 68.821 68.8137C68.5869 69.0499 68.2684 69.183 67.936 69.1838C67.6035 69.1845 67.2844 69.0527 67.0493 68.8176L45.7826 47.551C45.5482 47.3165 45.4165 46.9986 45.4165 46.6671C45.4165 46.3356 45.5482 46.0176 45.7826 45.7832L71.5493 20.0165C71.8711 19.6948 72.3423 19.5733 72.7795 19.6993ZM48.4343 46.6671L67.8869 66.1197C70.7074 62.6741 72.0832 57.4982 72.0832 50.0004V30.0004C72.0832 27.5841 71.9343 25.4173 71.6416 23.4598L48.4343 46.6671Z\" fill=\"#DE8A26\"><\/path><path fill-rule=\"evenodd\" clip-rule=\"evenodd\" d=\"M12.9671 12.9666C9.56617 16.3675 7.9165 21.7893 7.9165 29.9993V49.9994C7.9165 56.4939 8.95474 61.2542 11.0794 64.639C13.0728 67.8148 16.1096 69.9158 20.5127 71.052L71.0526 20.5122C69.9163 16.1091 67.8154 13.0724 64.6395 11.0789C61.2547 8.95427 56.4944 7.91602 49.9998 7.91602H29.9998C21.7898 7.91602 16.3679 9.56568 12.9671 12.9666ZM11.1993 11.1988C15.2984 7.09968 21.5432 5.41602 29.9998 5.41602H49.9998C56.7053 5.41602 62.0117 6.47777 65.9686 8.96148C69.9766 11.4773 72.444 15.3519 73.6516 20.6201C73.7478 21.0395 73.6214 21.479 73.3171 21.7832L21.7837 73.3166C21.4794 73.6208 21.04 73.7472 20.6205 73.6511C15.3524 72.4434 11.4777 69.976 8.96194 65.9681C6.47825 62.0112 5.4165 56.7048 5.4165 49.9994V29.9993C5.4165 21.5427 7.10017 15.2979 11.1993 11.1988Z\" fill=\"#DE8A26\"><\/path><path fill-rule=\"evenodd\" clip-rule=\"evenodd\" d=\"M45.7828 45.7821C46.2709 45.294 47.0624 45.294 47.5505 45.7821L68.8172 67.0488C69.0523 67.2839 69.1841 67.603 69.1833 67.9355C69.1826 68.268 69.0494 68.5864 68.8133 68.8205C64.6988 72.8985 58.4578 74.5827 50 74.5827H30C26.4632 74.5827 23.3669 74.2768 20.6222 73.6514C20.1786 73.5503 19.8249 73.2162 19.6989 72.7789C19.5728 72.3417 19.6943 71.8705 20.0161 71.5488L45.7828 45.7821ZM23.4593 71.641C25.4168 71.9338 27.5837 72.0827 30 72.0827H50C57.4977 72.0827 62.6736 70.7069 66.1192 67.8864L46.6666 48.4338L23.4593 71.641Z\" fill=\"#DE8A26\"><\/path><path opacity=\"0.4\" fill-rule=\"evenodd\" clip-rule=\"evenodd\" d=\"M30.3997 20.5254C26.6231 20.5254 22.993 22.6792 22.0174 26.883L22.0172 26.8835C20.846 31.9199 24.0173 36.3474 27.1252 39.292C28.9805 41.0402 31.8561 41.0312 33.669 39.2971L33.6734 39.293C36.775 36.3545 39.9233 31.9233 38.7814 26.8799C37.8048 22.6782 34.1754 20.5254 30.3997 20.5254ZM30.3997 18.0254C35.0898 18.0254 39.9263 20.7549 41.2174 26.3178L41.2188 26.324L41.2188 26.324C42.6747 32.7446 38.6255 38.0446 35.3948 41.1059C32.608 43.7693 28.2195 43.7599 25.4089 41.1099L25.4068 41.1078C22.1817 38.0525 18.0872 32.7473 19.5821 26.3178M30.3997 18.0254C25.7098 18.0254 20.8735 20.7547 19.5822 26.3172L30.3997 18.0254Z\" fill=\"#DE8A26\"><\/path><path opacity=\"0.4\" fill-rule=\"evenodd\" clip-rule=\"evenodd\" d=\"M29.0654 29C29.0654 28.3096 29.6251 27.75 30.3154 27.75H30.3454C31.0357 27.75 31.5954 28.3096 31.5954 29C31.5954 29.6904 31.0357 30.25 30.3454 30.25H30.3154C29.6251 30.25 29.0654 29.6904 29.0654 29Z\" fill=\"#DE8A26\"><\/path><\/svg>\t\t\t\t<\/span>\n\t\t\t<\/div>\n\t\t\t\n\t\t\t\t\t\t<div class=\"elementor-icon-box-content\">\n\n\t\t\t\t\t\t\t\t\t<h4 class=\"elementor-icon-box-title\">\n\t\t\t\t\t\t<span  >\n\t\t\t\t\t\t\tOur Wholesale\t\t\t\t\t\t<\/span>\n\t\t\t\t\t<\/h4>\n\t\t\t\t\n\t\t\t\t\t\t\t\t\t<p class=\"elementor-icon-box-description\">\n\t\t\t\t\t\tOpen Monday to Friday: 8:00 AM to 3:00 PM Saturday: Closed Sunday: Closed\t\t\t\t\t<\/p>\n\t\t\t\t\n\t\t\t<\/div>\n\t\t\t\n\t\t<\/div>\n\t\t\t\t\t\t<\/div>\n\t\t\t\t<div class=\"elementor-element elementor-element-d1f0ca6 elementor-widget elementor-widget-text-editor\" data-id=\"d1f0ca6\" data-element_type=\"widget\" data-e-type=\"widget\" data-widget_type=\"text-editor.default\">\n\t\t\t\t\t\t\t\t\t<p>Debrecen, S\u00e1msoni \u00fat 79, 4033 Magyarorsz\u00e1g<\/p>\t\t\t\t\t\t\t\t<\/div>\n\t\t\t\t\t<\/div>\n\t\t\t\t<\/div>\n\t\t\t\t<\/div>\n\t\t\t\t\t<\/div>\n\t\t\t\t<\/div>\n\t\t\t\t<div class=\"elementor-element elementor-element-fb28ef8 elementor-widget elementor-widget-google_maps\" data-id=\"fb28ef8\" data-element_type=\"widget\" data-e-type=\"widget\" data-widget_type=\"google_maps.default\">\n\t\t\t\t\t\t\t<div class=\"elementor-custom-embed\">\n\t\t\t<iframe loading=\"lazy\"\n\t\t\t\t\tsrc=\"https:\/\/maps.google.com\/maps?q=Quattro%20Hunting%2C%20Debrecen%2C%20S%C3%A1msoni%20%C3%BAt%2079%2C%204033%20Hungary&#038;t=m&#038;z=13&#038;output=embed&#038;iwloc=near\"\n\t\t\t\t\ttitle=\"Quattro Hunting, Debrecen, S\u00e1msoni \u00fat 79, 4033 Hungary\"\n\t\t\t\t\taria-label=\"Quattro Hunting, Debrecen, S\u00e1msoni \u00fat 79, 4033 Hungary\"\n\t\t\t><\/iframe>\n\t\t<\/div>\n\t\t\t\t\t\t<\/div>\n\t\t\t\t\t<\/div>\n\t\t\t\t<\/div>\n\t\t\t\t<\/div>","protected":false},"excerpt":{"rendered":"<p>L\u00e9pjen kapcsolatba vel\u00fcnk Mondja el, hogyan seg\u00edthet\u00fcnk Hagyjon \u00fczenetet K\u00e9rj\u00fck, adja meg az adatait, \u00e9s a lehet\u0151 leghamarabb v\u00e1laszolunk \u00d6nnek. \u00dcgyf\u00e9lszolg\u00e1lat El\u00e9rhet\u0151 h\u00e9tf\u0151t\u0151l p\u00e9ntekig, 8:00-t\u00f3l 15:00-ig. info@quattrohunting.hu+36303302066 Nagykeresked\u00e9s\u00fcnk Nyitva h\u00e9tf\u0151t\u0151l p\u00e9ntekig: 8:00-t\u00f3l 15:00-ig Szombat: Z\u00e1rva. Vas\u00e1rnap: Z\u00e1rva. Debrecen, S\u00e1msoni \u00fat 79, 4033 Magyarorsz\u00e1g<\/p>","protected":false},"author":1,"featured_media":0,"parent":0,"menu_order":0,"comment_status":"closed","ping_status":"closed","template":"template-homepage.php","meta":{"footnotes":""},"class_list":["post-157","page","type-page","status-publish","hentry"],"_links":{"self":[{"href":"https:\/\/quattrohunting.hu\/en\/wp-json\/wp\/v2\/pages\/157","targetHints":{"allow":["GET"]}}],"collection":[{"href":"https:\/\/quattrohunting.hu\/en\/wp-json\/wp\/v2\/pages"}],"about":[{"href":"https:\/\/quattrohunting.hu\/en\/wp-json\/wp\/v2\/types\/page"}],"author":[{"embeddable":true,"href":"https:\/\/quattrohunting.hu\/en\/wp-json\/wp\/v2\/users\/1"}],"replies":[{"embeddable":true,"href":"https:\/\/quattrohunting.hu\/en\/wp-json\/wp\/v2\/comments?post=157"}],"version-history":[{"count":19,"href":"https:\/\/quattrohunting.hu\/en\/wp-json\/wp\/v2\/pages\/157\/revisions"}],"predecessor-version":[{"id":8411,"href":"https:\/\/quattrohunting.hu\/en\/wp-json\/wp\/v2\/pages\/157\/revisions\/8411"}],"wp:attachment":[{"href":"https:\/\/quattrohunting.hu\/en\/wp-json\/wp\/v2\/media?parent=157"}],"curies":[{"name":"wp","href":"https:\/\/api.w.org\/{rel}","templated":true}]}}