{"id":6401,"date":"2025-11-22T10:25:16","date_gmt":"2025-11-22T10:25:16","guid":{"rendered":"https:\/\/quattrohunting.hu\/?post_type=product&#038;p=6401"},"modified":"2026-02-17T10:07:45","modified_gmt":"2026-02-17T10:07:45","slug":"terra-terdbetetes-nadrag-mazsola-barna","status":"publish","type":"product","link":"https:\/\/quattrohunting.hu\/en\/product\/terra-terdbetetes-nadrag-mazsola-barna\/","title":{"rendered":"Terra-Pro Vad\u00e1sznadr\u00e1g &#8211; S\u00f6t\u00e9t Olivaz\u00f6ld"},"content":{"rendered":"<p>Comfortable Wear: Designed with materials that provide all-day comfort, which is why people performing physical labor also prefer to use it for its comfort and durability.<\/p>\n<p>Durable Design: Extremely resistant to physical wear and tear.<\/p>\n<p>Optional Reinforcement: Available in a basic version without knee pads, as well as with reinforced knee pads to prepare for even heavier use.<\/p>","protected":false},"excerpt":{"rendered":"<p>\u2013 Comfortable, durable material<\/p>\n<p>- Double belt loops for suspenders<\/p>\n<p>\u2013 Dynamic waist width<\/p>\n<p>- Generously sized side pocket<\/p>\n<p>\u2013 Reinforced knee pads<\/p>","protected":false},"featured_media":6402,"template":"","meta":[],"product_brand":[],"product_cat":[58,55],"product_tag":[68,73],"class_list":{"0":"post-6401","1":"product","2":"type-product","3":"status-publish","4":"has-post-thumbnail","6":"product_cat-nadragok","7":"product_cat-termekek","8":"product_tag-legkedveltebb","9":"product_tag-terra","11":"first","12":"instock","13":"shipping-taxable","14":"purchasable","15":"product-type-variable"},"_links":{"self":[{"href":"https:\/\/quattrohunting.hu\/en\/wp-json\/wp\/v2\/product\/6401","targetHints":{"allow":["GET"]}}],"collection":[{"href":"https:\/\/quattrohunting.hu\/en\/wp-json\/wp\/v2\/product"}],"about":[{"href":"https:\/\/quattrohunting.hu\/en\/wp-json\/wp\/v2\/types\/product"}],"version-history":[{"count":6,"href":"https:\/\/quattrohunting.hu\/en\/wp-json\/wp\/v2\/product\/6401\/revisions"}],"predecessor-version":[{"id":8715,"href":"https:\/\/quattrohunting.hu\/en\/wp-json\/wp\/v2\/product\/6401\/revisions\/8715"}],"wp:featuredmedia":[{"embeddable":true,"href":"https:\/\/quattrohunting.hu\/en\/wp-json\/wp\/v2\/media\/6402"}],"wp:attachment":[{"href":"https:\/\/quattrohunting.hu\/en\/wp-json\/wp\/v2\/media?parent=6401"}],"wp:term":[{"taxonomy":"product_brand","embeddable":true,"href":"https:\/\/quattrohunting.hu\/en\/wp-json\/wp\/v2\/product_brand?post=6401"},{"taxonomy":"product_cat","embeddable":true,"href":"https:\/\/quattrohunting.hu\/en\/wp-json\/wp\/v2\/product_cat?post=6401"},{"taxonomy":"product_tag","embeddable":true,"href":"https:\/\/quattrohunting.hu\/en\/wp-json\/wp\/v2\/product_tag?post=6401"}],"curies":[{"name":"wp","href":"https:\/\/api.w.org\/{rel}","templated":true}]}}